{"id":2353,"date":"2021-12-06T17:57:41","date_gmt":"2021-12-06T17:57:41","guid":{"rendered":"https:\/\/gestiontopaze.com\/?page_id=2353"},"modified":"2022-12-21T20:49:01","modified_gmt":"2022-12-21T20:49:01","slug":"agent-prevention-chantier","status":"publish","type":"page","link":"https:\/\/gestiontopaze.com\/en\/services\/prevention-officer\/","title":{"rendered":"Agent de pr\u00e9vention"},"content":{"rendered":"","protected":false},"excerpt":{"rendered":"","protected":false},"author":5,"featured_media":0,"parent":2320,"menu_order":4,"comment_status":"closed","ping_status":"closed","template":"","meta":{"om_disable_all_campaigns":false,"_monsterinsights_skip_tracking":false,"_monsterinsights_sitenote_active":false,"_monsterinsights_sitenote_note":"","_monsterinsights_sitenote_category":0,"footnotes":""},"yoast_head":"<!-- This site is optimized with the Yoast SEO plugin v22.0 - https:\/\/yoast.com\/wordpress\/plugins\/seo\/ -->\n<title>Agent de pr\u00e9vention - Gestion TOPAZE<\/title>\n<meta name=\"description\" content=\"Agent de pr\u00e9vention assiste et conseille l\u2019autorit\u00e9 territoriale aupr\u00e8s de laquelle ils sont plac\u00e9s, pour la d\u00e9marche d\u2019\u00e9valuation des risques\" \/>\n<meta name=\"robots\" content=\"index, follow, max-snippet:-1, max-image-preview:large, max-video-preview:-1\" \/>\n<link rel=\"canonical\" href=\"https:\/\/gestiontopaze.com\/en\/services\/prevention-officer\/\" \/>\n<meta property=\"og:locale\" content=\"en_US\" \/>\n<meta property=\"og:type\" content=\"article\" \/>\n<meta property=\"og:title\" content=\"Agent de pr\u00e9vention - Gestion TOPAZE\" \/>\n<meta property=\"og:description\" content=\"Agent de pr\u00e9vention assiste et conseille l\u2019autorit\u00e9 territoriale aupr\u00e8s de laquelle ils sont plac\u00e9s, pour la d\u00e9marche d\u2019\u00e9valuation des risques\" \/>\n<meta property=\"og:url\" content=\"https:\/\/gestiontopaze.com\/en\/services\/prevention-officer\/\" \/>\n<meta property=\"og:site_name\" content=\"Gestion TOPAZE\" \/>\n<meta property=\"article:modified_time\" content=\"2022-12-21T20:49:01+00:00\" \/>\n<meta name=\"twitter:card\" content=\"summary_large_image\" \/>\n<script type=\"application\/ld+json\" class=\"yoast-schema-graph\">{\"@context\":\"https:\/\/schema.org\",\"@graph\":[{\"@type\":\"WebPage\",\"@id\":\"https:\/\/gestiontopaze.com\/services\/agent-prevention-chantier\/\",\"url\":\"https:\/\/gestiontopaze.com\/services\/agent-prevention-chantier\/\",\"name\":\"Agent de pr\u00e9vention - Gestion TOPAZE\",\"isPartOf\":{\"@id\":\"https:\/\/gestiontopaze.com\/#website\"},\"datePublished\":\"2021-12-06T17:57:41+00:00\",\"dateModified\":\"2022-12-21T20:49:01+00:00\",\"description\":\"Agent de pr\u00e9vention assiste et conseille l\u2019autorit\u00e9 territoriale aupr\u00e8s de laquelle ils sont plac\u00e9s, pour la d\u00e9marche d\u2019\u00e9valuation des risques\",\"breadcrumb\":{\"@id\":\"https:\/\/gestiontopaze.com\/services\/agent-prevention-chantier\/#breadcrumb\"},\"inLanguage\":\"en-US\",\"potentialAction\":[{\"@type\":\"ReadAction\",\"target\":[\"https:\/\/gestiontopaze.com\/services\/agent-prevention-chantier\/\"]}]},{\"@type\":\"BreadcrumbList\",\"@id\":\"https:\/\/gestiontopaze.com\/services\/agent-prevention-chantier\/#breadcrumb\",\"itemListElement\":[{\"@type\":\"ListItem\",\"position\":1,\"name\":\"Accueil\",\"item\":\"https:\/\/gestiontopaze.com\/\"},{\"@type\":\"ListItem\",\"position\":2,\"name\":\"SERVICES\",\"item\":\"https:\/\/gestiontopaze.com\/services\/\"},{\"@type\":\"ListItem\",\"position\":3,\"name\":\"Agent de pr\u00e9vention\"}]},{\"@type\":\"WebSite\",\"@id\":\"https:\/\/gestiontopaze.com\/#website\",\"url\":\"https:\/\/gestiontopaze.com\/\",\"name\":\"Gestion TOPAZE\",\"description\":\"L&rsquo;excellence en signalisation et s&eacute;curit&eacute; de chantiers.\",\"publisher\":{\"@id\":\"https:\/\/gestiontopaze.com\/#organization\"},\"potentialAction\":[{\"@type\":\"SearchAction\",\"target\":{\"@type\":\"EntryPoint\",\"urlTemplate\":\"https:\/\/gestiontopaze.com\/?s={search_term_string}\"},\"query-input\":\"required name=search_term_string\"}],\"inLanguage\":\"en-US\"},{\"@type\":\"Organization\",\"@id\":\"https:\/\/gestiontopaze.com\/#organization\",\"name\":\"Gestion Topaze\",\"url\":\"https:\/\/gestiontopaze.com\/\",\"logo\":{\"@type\":\"ImageObject\",\"inLanguage\":\"en-US\",\"@id\":\"https:\/\/gestiontopaze.com\/#\/schema\/logo\/image\/\",\"url\":\"https:\/\/i0.wp.com\/gestiontopaze.com\/wp-content\/uploads\/2022\/02\/Logo250.png?fit=375%2C250&ssl=1\",\"contentUrl\":\"https:\/\/i0.wp.com\/gestiontopaze.com\/wp-content\/uploads\/2022\/02\/Logo250.png?fit=375%2C250&ssl=1\",\"width\":375,\"height\":250,\"caption\":\"Gestion Topaze\"},\"image\":{\"@id\":\"https:\/\/gestiontopaze.com\/#\/schema\/logo\/image\/\"}}]}<\/script>\n<!-- \/ Yoast SEO plugin. -->","yoast_head_json":{"title":"Agent de pr\u00e9vention - Gestion TOPAZE","description":"Agent de pr\u00e9vention assiste et conseille l\u2019autorit\u00e9 territoriale aupr\u00e8s de laquelle ils sont plac\u00e9s, pour la d\u00e9marche d\u2019\u00e9valuation des risques","robots":{"index":"index","follow":"follow","max-snippet":"max-snippet:-1","max-image-preview":"max-image-preview:large","max-video-preview":"max-video-preview:-1"},"canonical":"https:\/\/gestiontopaze.com\/en\/services\/prevention-officer\/","og_locale":"en_US","og_type":"article","og_title":"Agent de pr\u00e9vention - Gestion TOPAZE","og_description":"Agent de pr\u00e9vention assiste et conseille l\u2019autorit\u00e9 territoriale aupr\u00e8s de laquelle ils sont plac\u00e9s, pour la d\u00e9marche d\u2019\u00e9valuation des risques","og_url":"https:\/\/gestiontopaze.com\/en\/services\/prevention-officer\/","og_site_name":"Gestion TOPAZE","article_modified_time":"2022-12-21T20:49:01+00:00","twitter_card":"summary_large_image","schema":{"@context":"https:\/\/schema.org","@graph":[{"@type":"WebPage","@id":"https:\/\/gestiontopaze.com\/services\/agent-prevention-chantier\/","url":"https:\/\/gestiontopaze.com\/services\/agent-prevention-chantier\/","name":"Agent de pr\u00e9vention - Gestion TOPAZE","isPartOf":{"@id":"https:\/\/gestiontopaze.com\/#website"},"datePublished":"2021-12-06T17:57:41+00:00","dateModified":"2022-12-21T20:49:01+00:00","description":"Agent de pr\u00e9vention assiste et conseille l\u2019autorit\u00e9 territoriale aupr\u00e8s de laquelle ils sont plac\u00e9s, pour la d\u00e9marche d\u2019\u00e9valuation des risques","breadcrumb":{"@id":"https:\/\/gestiontopaze.com\/services\/agent-prevention-chantier\/#breadcrumb"},"inLanguage":"en-US","potentialAction":[{"@type":"ReadAction","target":["https:\/\/gestiontopaze.com\/services\/agent-prevention-chantier\/"]}]},{"@type":"BreadcrumbList","@id":"https:\/\/gestiontopaze.com\/services\/agent-prevention-chantier\/#breadcrumb","itemListElement":[{"@type":"ListItem","position":1,"name":"Accueil","item":"https:\/\/gestiontopaze.com\/"},{"@type":"ListItem","position":2,"name":"SERVICES","item":"https:\/\/gestiontopaze.com\/services\/"},{"@type":"ListItem","position":3,"name":"Agent de pr\u00e9vention"}]},{"@type":"WebSite","@id":"https:\/\/gestiontopaze.com\/#website","url":"https:\/\/gestiontopaze.com\/","name":"Gestion TOPAZE","description":"L&rsquo;excellence en signalisation et s&eacute;curit&eacute; de chantiers.","publisher":{"@id":"https:\/\/gestiontopaze.com\/#organization"},"potentialAction":[{"@type":"SearchAction","target":{"@type":"EntryPoint","urlTemplate":"https:\/\/gestiontopaze.com\/?s={search_term_string}"},"query-input":"required name=search_term_string"}],"inLanguage":"en-US"},{"@type":"Organization","@id":"https:\/\/gestiontopaze.com\/#organization","name":"Gestion Topaze","url":"https:\/\/gestiontopaze.com\/","logo":{"@type":"ImageObject","inLanguage":"en-US","@id":"https:\/\/gestiontopaze.com\/#\/schema\/logo\/image\/","url":"https:\/\/i0.wp.com\/gestiontopaze.com\/wp-content\/uploads\/2022\/02\/Logo250.png?fit=375%2C250&ssl=1","contentUrl":"https:\/\/i0.wp.com\/gestiontopaze.com\/wp-content\/uploads\/2022\/02\/Logo250.png?fit=375%2C250&ssl=1","width":375,"height":250,"caption":"Gestion Topaze"},"image":{"@id":"https:\/\/gestiontopaze.com\/#\/schema\/logo\/image\/"}}]}},"jetpack_sharing_enabled":true,"_links":{"self":[{"href":"https:\/\/gestiontopaze.com\/en\/wp-json\/wp\/v2\/pages\/2353"}],"collection":[{"href":"https:\/\/gestiontopaze.com\/en\/wp-json\/wp\/v2\/pages"}],"about":[{"href":"https:\/\/gestiontopaze.com\/en\/wp-json\/wp\/v2\/types\/page"}],"author":[{"embeddable":true,"href":"https:\/\/gestiontopaze.com\/en\/wp-json\/wp\/v2\/users\/5"}],"replies":[{"embeddable":true,"href":"https:\/\/gestiontopaze.com\/en\/wp-json\/wp\/v2\/comments?post=2353"}],"version-history":[{"count":0,"href":"https:\/\/gestiontopaze.com\/en\/wp-json\/wp\/v2\/pages\/2353\/revisions"}],"up":[{"embeddable":true,"href":"https:\/\/gestiontopaze.com\/en\/wp-json\/wp\/v2\/pages\/2320"}],"wp:attachment":[{"href":"https:\/\/gestiontopaze.com\/en\/wp-json\/wp\/v2\/media?parent=2353"}],"curies":[{"name":"wp","href":"https:\/\/api.w.org\/{rel}","templated":true}]}}