{"id":2274,"date":"2015-07-01T08:35:39","date_gmt":"2015-07-01T08:35:39","guid":{"rendered":"http:\/\/themes.muffingroup.com\/be\/constructor\/?page_id=2"},"modified":"2024-11-18T08:41:42","modified_gmt":"2024-11-18T13:41:42","slug":"home-gestion-topaze-signalisation-et-securite-routiere-chantiers-ccq","status":"publish","type":"page","link":"https:\/\/gestiontopaze.com\/en\/","title":{"rendered":"ACCUEIL"},"content":{"rendered":"","protected":false},"excerpt":{"rendered":"","protected":false},"author":5,"featured_media":0,"parent":0,"menu_order":0,"comment_status":"closed","ping_status":"closed","template":"","meta":{"om_disable_all_campaigns":false,"_monsterinsights_skip_tracking":false,"_monsterinsights_sitenote_active":false,"_monsterinsights_sitenote_note":"","_monsterinsights_sitenote_category":0,"footnotes":""},"yoast_head":"<!-- This site is optimized with the Yoast SEO plugin v22.0 - https:\/\/yoast.com\/wordpress\/plugins\/seo\/ -->\n<title>Signaleurs de chantiers &amp; Signaleurs routiers | Gestion Topaze<\/title>\n<meta name=\"description\" content=\"Gestion Topaze assure la s\u00e9curit\u00e9 de votre chantier avec des services de signaleurs routiers et de gardiens de s\u00e9curit\u00e9 certifi\u00e9s.\" \/>\n<meta name=\"robots\" content=\"index, follow, max-snippet:-1, max-image-preview:large, max-video-preview:-1\" \/>\n<link rel=\"canonical\" href=\"https:\/\/gestiontopaze.com\/en\/\" \/>\n<meta property=\"og:locale\" content=\"en_US\" \/>\n<meta property=\"og:type\" content=\"article\" \/>\n<meta property=\"og:title\" content=\"Signaleurs de chantiers &amp; Signaleurs routiers | Gestion Topaze\" \/>\n<meta property=\"og:description\" content=\"Gestion Topaze assure la s\u00e9curit\u00e9 de votre chantier avec des services de signaleurs routiers et de gardiens de s\u00e9curit\u00e9 certifi\u00e9s.\" \/>\n<meta property=\"og:url\" content=\"https:\/\/gestiontopaze.com\/en\/\" \/>\n<meta property=\"og:site_name\" content=\"Gestion TOPAZE\" \/>\n<meta property=\"article:modified_time\" content=\"2024-11-18T13:41:42+00:00\" \/>\n<meta name=\"twitter:card\" content=\"summary_large_image\" \/>\n<meta name=\"twitter:label1\" content=\"Est. reading time\" \/>\n\t<meta name=\"twitter:data1\" content=\"1 minute\" \/>\n<script type=\"application\/ld+json\" class=\"yoast-schema-graph\">{\"@context\":\"https:\/\/schema.org\",\"@graph\":[{\"@type\":\"WebPage\",\"@id\":\"https:\/\/gestiontopaze.com\/\",\"url\":\"https:\/\/gestiontopaze.com\/\",\"name\":\"Signaleurs de chantiers & Signaleurs routiers | Gestion Topaze\",\"isPartOf\":{\"@id\":\"https:\/\/gestiontopaze.com\/#website\"},\"datePublished\":\"2015-07-01T08:35:39+00:00\",\"dateModified\":\"2024-11-18T13:41:42+00:00\",\"description\":\"Gestion Topaze assure la s\u00e9curit\u00e9 de votre chantier avec des services de signaleurs routiers et de gardiens de s\u00e9curit\u00e9 certifi\u00e9s.\",\"breadcrumb\":{\"@id\":\"https:\/\/gestiontopaze.com\/#breadcrumb\"},\"inLanguage\":\"en-US\",\"potentialAction\":[{\"@type\":\"ReadAction\",\"target\":[\"https:\/\/gestiontopaze.com\/\"]}]},{\"@type\":\"BreadcrumbList\",\"@id\":\"https:\/\/gestiontopaze.com\/#breadcrumb\",\"itemListElement\":[{\"@type\":\"ListItem\",\"position\":1,\"name\":\"Accueil\",\"item\":\"https:\/\/gestiontopaze.com\/\"},{\"@type\":\"ListItem\",\"position\":2,\"name\":\"ACCUEIL\"}]},{\"@type\":\"WebSite\",\"@id\":\"https:\/\/gestiontopaze.com\/#website\",\"url\":\"https:\/\/gestiontopaze.com\/\",\"name\":\"Gestion TOPAZE\",\"description\":\"L&rsquo;excellence en signalisation et s&eacute;curit&eacute; de chantiers.\",\"publisher\":{\"@id\":\"https:\/\/gestiontopaze.com\/#organization\"},\"potentialAction\":[{\"@type\":\"SearchAction\",\"target\":{\"@type\":\"EntryPoint\",\"urlTemplate\":\"https:\/\/gestiontopaze.com\/?s={search_term_string}\"},\"query-input\":\"required name=search_term_string\"}],\"inLanguage\":\"en-US\"},{\"@type\":\"Organization\",\"@id\":\"https:\/\/gestiontopaze.com\/#organization\",\"name\":\"Gestion Topaze\",\"url\":\"https:\/\/gestiontopaze.com\/\",\"logo\":{\"@type\":\"ImageObject\",\"inLanguage\":\"en-US\",\"@id\":\"https:\/\/gestiontopaze.com\/#\/schema\/logo\/image\/\",\"url\":\"https:\/\/i0.wp.com\/gestiontopaze.com\/wp-content\/uploads\/2022\/02\/Logo250.png?fit=375%2C250&ssl=1\",\"contentUrl\":\"https:\/\/i0.wp.com\/gestiontopaze.com\/wp-content\/uploads\/2022\/02\/Logo250.png?fit=375%2C250&ssl=1\",\"width\":375,\"height\":250,\"caption\":\"Gestion Topaze\"},\"image\":{\"@id\":\"https:\/\/gestiontopaze.com\/#\/schema\/logo\/image\/\"}}]}<\/script>\n<!-- \/ Yoast SEO plugin. -->","yoast_head_json":{"title":"Signaleurs de chantiers & Signaleurs routiers | Gestion Topaze","description":"Gestion Topaze assure la s\u00e9curit\u00e9 de votre chantier avec des services de signaleurs routiers et de gardiens de s\u00e9curit\u00e9 certifi\u00e9s.","robots":{"index":"index","follow":"follow","max-snippet":"max-snippet:-1","max-image-preview":"max-image-preview:large","max-video-preview":"max-video-preview:-1"},"canonical":"https:\/\/gestiontopaze.com\/en\/","og_locale":"en_US","og_type":"article","og_title":"Signaleurs de chantiers & Signaleurs routiers | Gestion Topaze","og_description":"Gestion Topaze assure la s\u00e9curit\u00e9 de votre chantier avec des services de signaleurs routiers et de gardiens de s\u00e9curit\u00e9 certifi\u00e9s.","og_url":"https:\/\/gestiontopaze.com\/en\/","og_site_name":"Gestion TOPAZE","article_modified_time":"2024-11-18T13:41:42+00:00","twitter_card":"summary_large_image","twitter_misc":{"Est. reading time":"1 minute"},"schema":{"@context":"https:\/\/schema.org","@graph":[{"@type":"WebPage","@id":"https:\/\/gestiontopaze.com\/","url":"https:\/\/gestiontopaze.com\/","name":"Signaleurs de chantiers & Signaleurs routiers | Gestion Topaze","isPartOf":{"@id":"https:\/\/gestiontopaze.com\/#website"},"datePublished":"2015-07-01T08:35:39+00:00","dateModified":"2024-11-18T13:41:42+00:00","description":"Gestion Topaze assure la s\u00e9curit\u00e9 de votre chantier avec des services de signaleurs routiers et de gardiens de s\u00e9curit\u00e9 certifi\u00e9s.","breadcrumb":{"@id":"https:\/\/gestiontopaze.com\/#breadcrumb"},"inLanguage":"en-US","potentialAction":[{"@type":"ReadAction","target":["https:\/\/gestiontopaze.com\/"]}]},{"@type":"BreadcrumbList","@id":"https:\/\/gestiontopaze.com\/#breadcrumb","itemListElement":[{"@type":"ListItem","position":1,"name":"Accueil","item":"https:\/\/gestiontopaze.com\/"},{"@type":"ListItem","position":2,"name":"ACCUEIL"}]},{"@type":"WebSite","@id":"https:\/\/gestiontopaze.com\/#website","url":"https:\/\/gestiontopaze.com\/","name":"Gestion TOPAZE","description":"L&rsquo;excellence en signalisation et s&eacute;curit&eacute; de chantiers.","publisher":{"@id":"https:\/\/gestiontopaze.com\/#organization"},"potentialAction":[{"@type":"SearchAction","target":{"@type":"EntryPoint","urlTemplate":"https:\/\/gestiontopaze.com\/?s={search_term_string}"},"query-input":"required name=search_term_string"}],"inLanguage":"en-US"},{"@type":"Organization","@id":"https:\/\/gestiontopaze.com\/#organization","name":"Gestion Topaze","url":"https:\/\/gestiontopaze.com\/","logo":{"@type":"ImageObject","inLanguage":"en-US","@id":"https:\/\/gestiontopaze.com\/#\/schema\/logo\/image\/","url":"https:\/\/i0.wp.com\/gestiontopaze.com\/wp-content\/uploads\/2022\/02\/Logo250.png?fit=375%2C250&ssl=1","contentUrl":"https:\/\/i0.wp.com\/gestiontopaze.com\/wp-content\/uploads\/2022\/02\/Logo250.png?fit=375%2C250&ssl=1","width":375,"height":250,"caption":"Gestion Topaze"},"image":{"@id":"https:\/\/gestiontopaze.com\/#\/schema\/logo\/image\/"}}]}},"jetpack_sharing_enabled":true,"_links":{"self":[{"href":"https:\/\/gestiontopaze.com\/en\/wp-json\/wp\/v2\/pages\/2274"}],"collection":[{"href":"https:\/\/gestiontopaze.com\/en\/wp-json\/wp\/v2\/pages"}],"about":[{"href":"https:\/\/gestiontopaze.com\/en\/wp-json\/wp\/v2\/types\/page"}],"author":[{"embeddable":true,"href":"https:\/\/gestiontopaze.com\/en\/wp-json\/wp\/v2\/users\/5"}],"replies":[{"embeddable":true,"href":"https:\/\/gestiontopaze.com\/en\/wp-json\/wp\/v2\/comments?post=2274"}],"version-history":[{"count":0,"href":"https:\/\/gestiontopaze.com\/en\/wp-json\/wp\/v2\/pages\/2274\/revisions"}],"wp:attachment":[{"href":"https:\/\/gestiontopaze.com\/en\/wp-json\/wp\/v2\/media?parent=2274"}],"curies":[{"name":"wp","href":"https:\/\/api.w.org\/{rel}","templated":true}]}}